{"id":2,"date":"2025-04-02T16:17:39","date_gmt":"2025-04-02T14:17:39","guid":{"rendered":"https:\/\/provenexpert.laolaweb.com\/?page_id=2"},"modified":"2025-07-03T11:40:01","modified_gmt":"2025-07-03T09:40:01","slug":"beispiel-seite","status":"publish","type":"page","link":"https:\/\/provenexpert.laolaweb.com\/?page_id=2","title":{"rendered":"Esta es una p\u00e1gina de muestra."},"content":{"rendered":"\n<p>Se diferencia de las entradas porque siempre permanece en el mismo lugar y (en la mayor\u00eda de los temas) se muestra en la navegaci\u00f3n del sitio. La mayor\u00eda de las personas comienza con un aviso legal, una pol\u00edtica de privacidad o una p\u00e1gina de &#8222;Sobre nosotros&#8220; para presentarse a los posibles visitantes del sitio web. Por ejemplo, podr\u00eda decir:<\/p>\n\n\n\n<blockquote class=\"wp-block-quote is-layout-flow wp-block-quote-is-layout-flow\">\n<p>\u00a1Hola! Durante el d\u00eda trabajo como mensajero en bicicleta, por la noche soy un actor en formaci\u00f3n, y este es mi sitio web. Vivo en Berl\u00edn, tengo un perro grande llamado Jack, disfruto de las Pi\u00f1as Coladas, pero no tanto de que me dejen bajo la lluvia (sin paraguas).<\/p>\n<\/blockquote>\n\n\n\n<p>\u2026o algo como:<\/p>\n\n\n\n<blockquote class=\"wp-block-quote is-layout-flow wp-block-quote-is-layout-flow\">\n<p>La empresa XYZ fue fundada en 1971 y desde entonces ha proporcionado productos de alta calidad al p\u00fablico. En su ubicaci\u00f3n en una peque\u00f1a metr\u00f3poli, la empresa emplea a m\u00e1s de 2,000 personas y apoya a los residentes de la ciudad de muchas maneras diferentes.<\/p>\n<\/blockquote>\n\n\n\n<p>Como nuevo usuario de WordPress, deber\u00edas ir a tu panel de control para eliminar esta p\u00e1gina y crear nuevas p\u00e1ginas y entradas para tu sitio web. \u00a1Divi\u00e9rtete!<\/p>\n\n\n\n<p><\/p>\n\n\n\n<p><\/p>\n","protected":false},"excerpt":{"rendered":"<p>Se diferencia de las entradas porque siempre permanece en el mismo lugar y (en la mayor\u00eda de los temas) se muestra en la navegaci\u00f3n del sitio. La mayor\u00eda de las personas comienza con un aviso legal, una pol\u00edtica de privacidad o una p\u00e1gina de &#8222;Sobre nosotros&#8220; para presentarse a los posibles visitantes del sitio web. [&hellip;]<\/p>\n","protected":false},"author":1,"featured_media":0,"parent":0,"menu_order":0,"comment_status":"closed","ping_status":"open","template":"","meta":{"footnotes":""},"class_list":["post-2","page","type-page","status-publish","hentry"],"_links":{"self":[{"href":"https:\/\/provenexpert.laolaweb.com\/index.php?rest_route=\/wp\/v2\/pages\/2","targetHints":{"allow":["GET"]}}],"collection":[{"href":"https:\/\/provenexpert.laolaweb.com\/index.php?rest_route=\/wp\/v2\/pages"}],"about":[{"href":"https:\/\/provenexpert.laolaweb.com\/index.php?rest_route=\/wp\/v2\/types\/page"}],"author":[{"embeddable":true,"href":"https:\/\/provenexpert.laolaweb.com\/index.php?rest_route=\/wp\/v2\/users\/1"}],"replies":[{"embeddable":true,"href":"https:\/\/provenexpert.laolaweb.com\/index.php?rest_route=%2Fwp%2Fv2%2Fcomments&post=2"}],"version-history":[{"count":13,"href":"https:\/\/provenexpert.laolaweb.com\/index.php?rest_route=\/wp\/v2\/pages\/2\/revisions"}],"predecessor-version":[{"id":69,"href":"https:\/\/provenexpert.laolaweb.com\/index.php?rest_route=\/wp\/v2\/pages\/2\/revisions\/69"}],"wp:attachment":[{"href":"https:\/\/provenexpert.laolaweb.com\/index.php?rest_route=%2Fwp%2Fv2%2Fmedia&parent=2"}],"curies":[{"name":"wp","href":"https:\/\/api.w.org\/{rel}","templated":true}]}}